{"id":3548,"date":"2023-03-30T19:13:24","date_gmt":"2023-03-30T17:13:24","guid":{"rendered":"https:\/\/kulturkirche2025.de\/impulsni-papir\/"},"modified":"2024-09-05T14:17:29","modified_gmt":"2024-09-05T12:17:29","slug":"impulsni-papir","status":"publish","type":"page","link":"https:\/\/kulturkirche2025.de\/cs\/impulsni-papir\/","title":{"rendered":"Impulsn\u00ed pap\u00edr"},"content":{"rendered":"\n<h1 class=\"wp-block-heading\">&#8222;C- the Unseen&#8220; &#8211; Impulsn\u00ed pap\u00edr<\/h1>\n\n<div class=\"wp-block-columns has-tertiary-background-color has-background is-layout-flex wp-container-core-columns-is-layout-d7d455e7 wp-block-columns-is-layout-flex\" style=\"padding-top:0;padding-right:0;padding-bottom:0;padding-left:0\">\n<div class=\"wp-block-column is-vertically-aligned-center is-layout-flow wp-block-column-is-layout-flow\" style=\"padding-top:var(--wp--preset--spacing--30);padding-right:var(--wp--preset--spacing--30);padding-bottom:var(--wp--preset--spacing--30);padding-left:var(--wp--preset--spacing--30);flex-basis:40%\">\n<p>Motto Evropsk\u00e9ho hlavn\u00edho m\u011bsta kultury zn\u00ed &#8222;C &#8211; neviditeln\u00e9 &#8222;. Ekumenick\u00e1 pracovn\u00ed skupina se nad n\u00edm zamyslela a vypracovala podn\u011btn\u00fd dokument . <\/p>\n\n\n\n<p>Pro\u010d byste se m\u011bli pod\u00edvat na tento dokument? Pastor Benno Sch\u00e4ffel z \u0159\u00edmskokatolick\u00e9 c\u00edrkve ve videu vysv\u011btluje pro\u010d.<\/p>\n<\/div>\n\n\n\n<div class=\"wp-block-column is-layout-flow wp-block-column-is-layout-flow\" style=\"padding-top:0;padding-right:0;padding-bottom:0;padding-left:0;flex-basis:60%\">\n<figure class=\"wp-block-embed is-type-video is-provider-youtube wp-block-embed-youtube wp-embed-aspect-16-9 wp-has-aspect-ratio\"><div class=\"wp-block-embed__wrapper\"> \n<iframe loading=\"lazy\" title=\"Impulspapier f\u00fcr die Kirche in der Kulturhauptstadt Chemnitz\" width=\"500\" height=\"281\" src=\"https:\/\/www.youtube.com\/embed\/2O_VP8UQpbA?feature=oembed\" frameborder=\"0\" allow=\"accelerometer; autoplay; clipboard-write; encrypted-media; gyroscope; picture-in-picture; web-share\" referrerpolicy=\"strict-origin-when-cross-origin\" allowfullscreen><\/iframe>\n <\/div><\/figure>\n<\/div>\n<\/div>\n\n<p>Zde naleznete let\u00e1k k impulzivn\u00edm novin\u00e1m na t\u00e9ma C the Unseen:<\/p>\n\n<div class=\"wp-block-file\"><a id=\"wp-block-file--media-f5747d28-88a5-41e2-afb5-55303d5cf026\" href=\"https:\/\/kulturkirche2025.de\/wp-content\/uploads\/2023\/05\/kulturkirche2025.de-flyer.pdf\" target=\"_blank\" rel=\"noreferrer noopener\">Zobrazitlet\u00e1k impulsn\u00ed pap\u00edr p\u0159\u00edmo<\/a><a href=\"https:\/\/kulturkirche2025.de\/wp-content\/uploads\/2023\/05\/kulturkirche2025.de-flyer.pdf\" class=\"wp-block-file__button wp-element-button\" download=\"\" aria-describedby=\"wp-block-file--media-f5747d28-88a5-41e2-afb5-55303d5cf026\">St\u00e1hnout<\/a><\/div>\n","protected":false},"excerpt":{"rendered":"<p>&#8222;C- the Unseen&#8220; &#8211; Impulsn\u00ed pap\u00edr Motto Evropsk\u00e9ho hlavn\u00edho m\u011bsta kultury zn\u00ed &#8222;C &#8211; neviditeln\u00e9 &#8222;. Ekumenick\u00e1 pracovn\u00ed skupina se nad n\u00edm zamyslela a vypracovala podn\u011btn\u00fd dokument . Pro\u010d byste se m\u011bli pod\u00edvat na tento dokument? Pastor Benno Sch\u00e4ffel z \u0159\u00edmskokatolick\u00e9 c\u00edrkve ve videu vysv\u011btluje pro\u010d. Zde naleznete let\u00e1k k impulzivn\u00edm novin\u00e1m na t\u00e9ma C [&hellip;]<\/p>\n","protected":false},"author":3,"featured_media":0,"parent":0,"menu_order":0,"comment_status":"closed","ping_status":"closed","template":"","meta":{"_acf_changed":false,"inline_featured_image":false,"footnotes":""},"mi-filters":[],"class_list":["post-3548","page","type-page","status-publish","hentry"],"acf":[],"mb":[],"mfb_rest_fields":["title"],"_links":{"self":[{"href":"https:\/\/kulturkirche2025.de\/cs\/wp-json\/wp\/v2\/pages\/3548","targetHints":{"allow":["GET"]}}],"collection":[{"href":"https:\/\/kulturkirche2025.de\/cs\/wp-json\/wp\/v2\/pages"}],"about":[{"href":"https:\/\/kulturkirche2025.de\/cs\/wp-json\/wp\/v2\/types\/page"}],"author":[{"embeddable":true,"href":"https:\/\/kulturkirche2025.de\/cs\/wp-json\/wp\/v2\/users\/3"}],"replies":[{"embeddable":true,"href":"https:\/\/kulturkirche2025.de\/cs\/wp-json\/wp\/v2\/comments?post=3548"}],"version-history":[{"count":1,"href":"https:\/\/kulturkirche2025.de\/cs\/wp-json\/wp\/v2\/pages\/3548\/revisions"}],"predecessor-version":[{"id":3549,"href":"https:\/\/kulturkirche2025.de\/cs\/wp-json\/wp\/v2\/pages\/3548\/revisions\/3549"}],"wp:attachment":[{"href":"https:\/\/kulturkirche2025.de\/cs\/wp-json\/wp\/v2\/media?parent=3548"}],"wp:term":[{"taxonomy":"mi-filters","embeddable":true,"href":"https:\/\/kulturkirche2025.de\/cs\/wp-json\/wp\/v2\/mi-filters?post=3548"}],"curies":[{"name":"wp","href":"https:\/\/api.w.org\/{rel}","templated":true}]}}